{"id":20807,"date":"2025-01-16T07:18:09","date_gmt":"2025-01-16T10:18:09","guid":{"rendered":"https:\/\/www.clube38.com.br\/site_novo\/?page_id=20807"},"modified":"2025-02-25T19:17:40","modified_gmt":"2025-02-25T22:17:40","slug":"handgun-optics","status":"publish","type":"page","link":"https:\/\/www.clube38.com.br\/site_novo\/handgun-optics\/","title":{"rendered":"Handgun Optics"},"content":{"rendered":"\t\t<div data-elementor-type=\"wp-page\" data-elementor-id=\"20807\" class=\"elementor elementor-20807\" data-elementor-post-type=\"page\">\n\t\t\t\t\t\t<section class=\"elementor-section elementor-top-section elementor-element elementor-element-d51761f elementor-section-full_width elementor-section-stretched elementor-section-height-default elementor-section-height-default\" data-id=\"d51761f\" data-element_type=\"section\" data-settings=\"{&quot;stretch_section&quot;:&quot;section-stretched&quot;,&quot;background_background&quot;:&quot;classic&quot;}\">\n\t\t\t\t\t\t<div class=\"elementor-container elementor-column-gap-default\">\n\t\t\t\t\t<div class=\"elementor-column elementor-col-100 elementor-top-column elementor-element elementor-element-5de7f7b\" data-id=\"5de7f7b\" data-element_type=\"column\">\n\t\t\t<div class=\"elementor-widget-wrap elementor-element-populated\">\n\t\t\t\t\t\t<div class=\"elementor-element elementor-element-d1761ec elementor-widget elementor-widget-image\" data-id=\"d1761ec\" data-element_type=\"widget\" data-widget_type=\"image.default\">\n\t\t\t\t<div class=\"elementor-widget-container\">\n\t\t\t\t\t\t\t\t\t\t\t\t\t\t\t<img decoding=\"async\" src=\"https:\/\/www.clube38.com.br\/site_novo\/wp-content\/uploads\/elementor\/thumbs\/logo-38america-pnpkpyycpwqmlom1fbkx8l6ifgufj835i9fezwbtrq.png\" title=\"logo-38america\" alt=\"logo-38america\" loading=\"lazy\" \/>\t\t\t\t\t\t\t\t\t\t\t\t\t\t\t<\/div>\n\t\t\t\t<\/div>\n\t\t\t\t<div class=\"elementor-element elementor-element-7976a84 elementor-widget elementor-widget-heading\" data-id=\"7976a84\" data-element_type=\"widget\" data-widget_type=\"heading.default\">\n\t\t\t\t<div class=\"elementor-widget-container\">\n\t\t\t\t\t<h2 class=\"elementor-heading-title elementor-size-default\">Dois novos cursos<\/h2>\t\t\t\t<\/div>\n\t\t\t\t<\/div>\n\t\t\t\t<section class=\"elementor-section elementor-inner-section elementor-element elementor-element-421e8e9 elementor-section-boxed elementor-section-height-default elementor-section-height-default\" data-id=\"421e8e9\" data-element_type=\"section\">\n\t\t\t\t\t\t<div class=\"elementor-container elementor-column-gap-default\">\n\t\t\t\t\t<div class=\"elementor-column elementor-col-50 elementor-inner-column elementor-element elementor-element-164c0a8\" data-id=\"164c0a8\" data-element_type=\"column\">\n\t\t\t<div class=\"elementor-widget-wrap elementor-element-populated\">\n\t\t\t\t\t\t<div class=\"elementor-element elementor-element-3ef1167 elementor-widget elementor-widget-image\" data-id=\"3ef1167\" data-element_type=\"widget\" data-widget_type=\"image.default\">\n\t\t\t\t<div class=\"elementor-widget-container\">\n\t\t\t\t\t\t\t\t\t\t\t\t\t\t\t<img decoding=\"async\" src=\"https:\/\/www.clube38.com.br\/site_novo\/wp-content\/uploads\/2025\/01\/handgun-optics-instructor-logo-320x320.png\" title=\"handgun-optics-instructor-logo\" alt=\"handgun-optics-instructor-logo\" loading=\"lazy\" \/>\t\t\t\t\t\t\t\t\t\t\t\t\t\t\t<\/div>\n\t\t\t\t<\/div>\n\t\t\t\t\t<\/div>\n\t\t<\/div>\n\t\t\t\t<div class=\"elementor-column elementor-col-50 elementor-inner-column elementor-element elementor-element-56393d4\" data-id=\"56393d4\" data-element_type=\"column\">\n\t\t\t<div class=\"elementor-widget-wrap elementor-element-populated\">\n\t\t\t\t\t\t<div class=\"elementor-element elementor-element-5543c05 elementor-widget elementor-widget-image\" data-id=\"5543c05\" data-element_type=\"widget\" data-widget_type=\"image.default\">\n\t\t\t\t<div class=\"elementor-widget-container\">\n\t\t\t\t\t\t\t\t\t\t\t\t\t\t\t<img decoding=\"async\" src=\"https:\/\/www.clube38.com.br\/site_novo\/wp-content\/uploads\/2025\/01\/handgun-optics-fundamentals-logo-320x320.png\" title=\"handgun-optics-fundamentals-logo\" alt=\"handgun-optics-fundamentals-logo\" loading=\"lazy\" \/>\t\t\t\t\t\t\t\t\t\t\t\t\t\t\t<\/div>\n\t\t\t\t<\/div>\n\t\t\t\t\t<\/div>\n\t\t<\/div>\n\t\t\t\t\t<\/div>\n\t\t<\/section>\n\t\t\t\t<div class=\"elementor-element elementor-element-3c7b26e elementor-widget elementor-widget-heading\" data-id=\"3c7b26e\" data-element_type=\"widget\" data-widget_type=\"heading.default\">\n\t\t\t\t<div class=\"elementor-widget-container\">\n\t\t\t\t\t<h2 class=\"elementor-heading-title elementor-size-default\">in\u00e9ditos no Brasil<\/h2>\t\t\t\t<\/div>\n\t\t\t\t<\/div>\n\t\t\t\t<div class=\"elementor-element elementor-element-f966c9b elementor-widget elementor-widget-heading\" data-id=\"f966c9b\" data-element_type=\"widget\" data-widget_type=\"heading.default\">\n\t\t\t\t<div class=\"elementor-widget-container\">\n\t\t\t\t\t<h2 class=\"elementor-heading-title elementor-size-default\">Com o Master Instructor Justin Morris<\/h2>\t\t\t\t<\/div>\n\t\t\t\t<\/div>\n\t\t\t\t\t<\/div>\n\t\t<\/div>\n\t\t\t\t\t<\/div>\n\t\t<\/section>\n\t\t\t\t<section class=\"elementor-section elementor-top-section elementor-element elementor-element-364486d elementor-section-content-middle elementor-section-stretched elementor-section-boxed elementor-section-height-default elementor-section-height-default\" data-id=\"364486d\" data-element_type=\"section\" data-settings=\"{&quot;stretch_section&quot;:&quot;section-stretched&quot;,&quot;background_background&quot;:&quot;classic&quot;}\">\n\t\t\t\t\t\t<div class=\"elementor-container elementor-column-gap-default\">\n\t\t\t\t\t<div class=\"elementor-column elementor-col-100 elementor-top-column elementor-element elementor-element-c7cd0c1\" data-id=\"c7cd0c1\" data-element_type=\"column\">\n\t\t\t<div class=\"elementor-widget-wrap elementor-element-populated\">\n\t\t\t\t\t\t<section class=\"elementor-section elementor-inner-section elementor-element elementor-element-bc45943 elementor-section-boxed elementor-section-height-default elementor-section-height-default\" data-id=\"bc45943\" data-element_type=\"section\">\n\t\t\t\t\t\t<div class=\"elementor-container elementor-column-gap-default\">\n\t\t\t\t\t<div class=\"elementor-column elementor-col-50 elementor-inner-column elementor-element elementor-element-79ffb7e\" data-id=\"79ffb7e\" data-element_type=\"column\">\n\t\t\t<div class=\"elementor-widget-wrap elementor-element-populated\">\n\t\t\t\t\t\t<div class=\"elementor-element elementor-element-ffdfdec elementor-widget elementor-widget-image\" data-id=\"ffdfdec\" data-element_type=\"widget\" data-widget_type=\"image.default\">\n\t\t\t\t<div class=\"elementor-widget-container\">\n\t\t\t\t\t\t\t\t\t\t\t\t\t\t\t<img decoding=\"async\" src=\"https:\/\/www.clube38.com.br\/site_novo\/wp-content\/uploads\/2025\/01\/handgun-optics-instructor-logo-320x320.png\" title=\"handgun-optics-instructor-logo\" alt=\"handgun-optics-instructor-logo\" loading=\"lazy\" \/>\t\t\t\t\t\t\t\t\t\t\t\t\t\t\t<\/div>\n\t\t\t\t<\/div>\n\t\t\t\t\t<\/div>\n\t\t<\/div>\n\t\t\t\t<div class=\"elementor-column elementor-col-50 elementor-inner-column elementor-element elementor-element-17eba1d\" data-id=\"17eba1d\" data-element_type=\"column\">\n\t\t\t<div class=\"elementor-widget-wrap elementor-element-populated\">\n\t\t\t\t\t\t<div class=\"elementor-element elementor-element-b1bacfe elementor-widget elementor-widget-heading\" data-id=\"b1bacfe\" data-element_type=\"widget\" data-widget_type=\"heading.default\">\n\t\t\t\t<div class=\"elementor-widget-container\">\n\t\t\t\t\t<h2 class=\"elementor-heading-title elementor-size-default\">HANDGUN OPTICS INSTRUCTOR<\/h2>\t\t\t\t<\/div>\n\t\t\t\t<\/div>\n\t\t\t\t<div class=\"elementor-element elementor-element-65abec8 elementor-widget elementor-widget-heading\" data-id=\"65abec8\" data-element_type=\"widget\" data-widget_type=\"heading.default\">\n\t\t\t\t<div class=\"elementor-widget-container\">\n\t\t\t\t\t<h2 class=\"elementor-heading-title elementor-size-default\">de 19 a 22 de mar\u00e7o<\/h2>\t\t\t\t<\/div>\n\t\t\t\t<\/div>\n\t\t\t\t<div class=\"elementor-element elementor-element-c43a470 elementor-widget elementor-widget-text-editor\" data-id=\"c43a470\" data-element_type=\"widget\" data-widget_type=\"text-editor.default\">\n\t\t\t\t<div class=\"elementor-widget-container\">\n\t\t\t\t\t\t\t\t\t<p>Nessa imers\u00e3o de 4 dias na Montanha .38, os instrutores de armamento e tiro ser\u00e3o capacitados a extrair todo o potencial das miras \u201cred dot\u201d e aprender\u00e3o como ensinar seus alunos a utiliz\u00e1-las com maestria.<\/p><p>Ser\u00e3o mais de 30 horas de curso, com 1.500 disparos.<\/p><p><strong>Pr\u00e9-requisitos:<\/strong> Forma\u00e7\u00e3o em Instrutor de Armamento e Tiro.<\/p><p><strong>Equipamentos:<\/strong> Pistola com Red Dot, m\u00ednimo de 02 carregadores, coldre externo, porta carregadores, cinto r\u00edgido do tipo gunbelt e EPI&#8217;s.<\/p>\t\t\t\t\t\t\t\t<\/div>\n\t\t\t\t<\/div>\n\t\t\t\t<div class=\"elementor-element elementor-element-69f57d3 elementor-widget elementor-widget-text-editor\" data-id=\"69f57d3\" data-element_type=\"widget\" data-widget_type=\"text-editor.default\">\n\t\t\t\t<div class=\"elementor-widget-container\">\n\t\t\t\t\t\t\t\t\t<h4 style=\"color: #dd9933;\">INSCRI\u00c7\u00d5ES<\/h4><p><span style=\"color: #848484;\"><s>1\u00ba Lote &#8211; ESGOTADO<\/s><\/span><\/p><p><span style=\"color: #848484;\"><s>2\u00ba Lote &#8211; ESGOTADO<\/s><\/span><br \/><strong><span style=\"color: #dd9933;\">3\u00ba Lote &#8211; R$ 6.600,00* (\u00daltimas 3 Vagas)<\/span><\/strong><\/p><p>*Est\u00e1 inclusa a hospedagem e alimenta\u00e7\u00e3o na Montanha .38 durante o per\u00edodo do curso<\/p><p>**O valor de inscri\u00e7\u00e3o n\u00e3o inclui as muni\u00e7\u00f5es que ser\u00e3o utilizadas no curso (poder\u00e3o ser adquiridas em separado), armamento e outros equipamentos necess\u00e1rios.<\/p><p>*** Afiliados do .38 possuem descontos na inscri\u00e7\u00e3o, conforme seus planos de afilia\u00e7\u00e3o.<\/p>\t\t\t\t\t\t\t\t<\/div>\n\t\t\t\t<\/div>\n\t\t\t\t<div class=\"elementor-element elementor-element-f790b29 elementor-mobile-align-justify elementor-widget elementor-widget-button\" data-id=\"f790b29\" data-element_type=\"widget\" data-widget_type=\"button.default\">\n\t\t\t\t<div class=\"elementor-widget-container\">\n\t\t\t\t\t\t\t\t\t<div class=\"elementor-button-wrapper\">\n\t\t\t\t\t<a class=\"elementor-button elementor-button-link elementor-size-sm\" href=\"https:\/\/api.whatsapp.com\/send?phone=554832413820&#038;text=Ol%C3%A1,%20quero%20me%20inscrever%20no%20curso%20Handgun%20Optics%20Instructor,%20que%20acontecer%C3%A1%20de%2019%20a%2022%20de%20mar%C3%A7o.\">\n\t\t\t\t\t\t<span class=\"elementor-button-content-wrapper\">\n\t\t\t\t\t\t\t\t\t<span class=\"elementor-button-text\">QUERO ME INSCREVER<\/span>\n\t\t\t\t\t<\/span>\n\t\t\t\t\t<\/a>\n\t\t\t\t<\/div>\n\t\t\t\t\t\t\t\t<\/div>\n\t\t\t\t<\/div>\n\t\t\t\t\t<\/div>\n\t\t<\/div>\n\t\t\t\t\t<\/div>\n\t\t<\/section>\n\t\t\t\t\t<\/div>\n\t\t<\/div>\n\t\t\t\t\t<\/div>\n\t\t<\/section>\n\t\t\t\t<section class=\"elementor-section elementor-top-section elementor-element elementor-element-d832389 elementor-section-content-middle elementor-section-stretched elementor-section-boxed elementor-section-height-default elementor-section-height-default\" data-id=\"d832389\" data-element_type=\"section\" data-settings=\"{&quot;stretch_section&quot;:&quot;section-stretched&quot;,&quot;background_background&quot;:&quot;classic&quot;}\">\n\t\t\t\t\t\t<div class=\"elementor-container elementor-column-gap-default\">\n\t\t\t\t\t<div class=\"elementor-column elementor-col-100 elementor-top-column elementor-element elementor-element-bd0eada\" data-id=\"bd0eada\" data-element_type=\"column\">\n\t\t\t<div class=\"elementor-widget-wrap elementor-element-populated\">\n\t\t\t\t\t\t<section class=\"elementor-section elementor-inner-section elementor-element elementor-element-1caf54f elementor-section-boxed elementor-section-height-default elementor-section-height-default\" data-id=\"1caf54f\" data-element_type=\"section\">\n\t\t\t\t\t\t<div class=\"elementor-container elementor-column-gap-default\">\n\t\t\t\t\t<div class=\"elementor-column elementor-col-50 elementor-inner-column elementor-element elementor-element-461c5d9\" data-id=\"461c5d9\" data-element_type=\"column\">\n\t\t\t<div class=\"elementor-widget-wrap elementor-element-populated\">\n\t\t\t\t\t\t<div class=\"elementor-element elementor-element-a5d5163 elementor-widget elementor-widget-image\" data-id=\"a5d5163\" data-element_type=\"widget\" data-widget_type=\"image.default\">\n\t\t\t\t<div class=\"elementor-widget-container\">\n\t\t\t\t\t\t\t\t\t\t\t\t\t\t\t<img decoding=\"async\" src=\"https:\/\/www.clube38.com.br\/site_novo\/wp-content\/uploads\/2025\/01\/handgun-optics-fundamentals-logo-320x320.png\" title=\"handgun-optics-fundamentals-logo\" alt=\"handgun-optics-fundamentals-logo\" loading=\"lazy\" \/>\t\t\t\t\t\t\t\t\t\t\t\t\t\t\t<\/div>\n\t\t\t\t<\/div>\n\t\t\t\t\t<\/div>\n\t\t<\/div>\n\t\t\t\t<div class=\"elementor-column elementor-col-50 elementor-inner-column elementor-element elementor-element-0d7006f\" data-id=\"0d7006f\" data-element_type=\"column\">\n\t\t\t<div class=\"elementor-widget-wrap elementor-element-populated\">\n\t\t\t\t\t\t<div class=\"elementor-element elementor-element-8ff6beb elementor-widget elementor-widget-heading\" data-id=\"8ff6beb\" data-element_type=\"widget\" data-widget_type=\"heading.default\">\n\t\t\t\t<div class=\"elementor-widget-container\">\n\t\t\t\t\t<h2 class=\"elementor-heading-title elementor-size-default\">HANDGUN OPTICS FUNDAMENTALS<\/h2>\t\t\t\t<\/div>\n\t\t\t\t<\/div>\n\t\t\t\t<div class=\"elementor-element elementor-element-0c46788 elementor-widget elementor-widget-heading\" data-id=\"0c46788\" data-element_type=\"widget\" data-widget_type=\"heading.default\">\n\t\t\t\t<div class=\"elementor-widget-container\">\n\t\t\t\t\t<h2 class=\"elementor-heading-title elementor-size-default\">22 de mar\u00e7o<\/h2>\t\t\t\t<\/div>\n\t\t\t\t<\/div>\n\t\t\t\t<div class=\"elementor-element elementor-element-184b130 elementor-widget elementor-widget-text-editor\" data-id=\"184b130\" data-element_type=\"widget\" data-widget_type=\"text-editor.default\">\n\t\t\t\t<div class=\"elementor-widget-container\">\n\t\t\t\t\t\t\t\t\t<p>Indicado para atiradores de qualquer n\u00edvel que querem aprender o real uso das miras \u201cred dot\u201d, o \u201cHANDGUN OPTICS Fundamentals\u201d traz os conceitos e as pr\u00e1ticas na utiliza\u00e7\u00e3o desses equipamentos, sendo essencial para quem queira melhorar sua performance.<\/p><p>Ser\u00e3o 500 disparos em um dia inteiro na Montanha .38.<\/p><p><strong>Pr\u00e9-requisitos:<\/strong> Curso Intermediate Pistol I ou similar<\/p><p><strong>Equipamentos:<\/strong> Pistola com Red Dot, m\u00ednimo de 02 carregadores, coldre externo, porta carregadores, cinto r\u00edgido do tipo gunbelt e EPI&#8217;s.<\/p>\t\t\t\t\t\t\t\t<\/div>\n\t\t\t\t<\/div>\n\t\t\t\t<div class=\"elementor-element elementor-element-1c57bcb elementor-widget elementor-widget-text-editor\" data-id=\"1c57bcb\" data-element_type=\"widget\" data-widget_type=\"text-editor.default\">\n\t\t\t\t<div class=\"elementor-widget-container\">\n\t\t\t\t\t\t\t\t\t<h4 style=\"color: #dd9933;\">INSCRI\u00c7\u00d5ES<\/h4><p><span style=\"color: #848484;\"><s>1\u00ba Lote &#8211; ESGOTADO<\/s><\/span><br \/><span style=\"color: #848484;\"><s>2\u00ba Lote &#8211; ESGOTADO<\/s><\/span><br \/><span style=\"color: #dd9933;\">3\u00ba Lote &#8211; R$ 2.800,00*\u00a0 (\u00daltimas 3 Vagas)<\/span><\/p><p>*O valor de inscri\u00e7\u00e3o n\u00e3o inclui as muni\u00e7\u00f5es que ser\u00e3o utilizadas no curso (poder\u00e3o ser adquiridas em separado), armamento e outros equipamentos necess\u00e1rios.<\/p><p>** Afiliados do .38 possuem descontos na inscri\u00e7\u00e3o, conforme seus planos de afilia\u00e7\u00e3o.<\/p>\t\t\t\t\t\t\t\t<\/div>\n\t\t\t\t<\/div>\n\t\t\t\t<div class=\"elementor-element elementor-element-ca8719d elementor-mobile-align-justify elementor-widget elementor-widget-button\" data-id=\"ca8719d\" data-element_type=\"widget\" data-widget_type=\"button.default\">\n\t\t\t\t<div class=\"elementor-widget-container\">\n\t\t\t\t\t\t\t\t\t<div class=\"elementor-button-wrapper\">\n\t\t\t\t\t<a class=\"elementor-button elementor-button-link elementor-size-sm\" href=\"https:\/\/api.whatsapp.com\/send?phone=554832413820&#038;text=Ol%C3%A1,%20quero%20me%20inscrever%20no%20curso%20Handgun%20Optics%20Fundamentals,%20que%20acontecer%C3%A1%20no%20dia%2022%20de%20mar%C3%A7o.\">\n\t\t\t\t\t\t<span class=\"elementor-button-content-wrapper\">\n\t\t\t\t\t\t\t\t\t<span class=\"elementor-button-text\">QUERO ME INSCREVER<\/span>\n\t\t\t\t\t<\/span>\n\t\t\t\t\t<\/a>\n\t\t\t\t<\/div>\n\t\t\t\t\t\t\t\t<\/div>\n\t\t\t\t<\/div>\n\t\t\t\t\t<\/div>\n\t\t<\/div>\n\t\t\t\t\t<\/div>\n\t\t<\/section>\n\t\t\t\t\t<\/div>\n\t\t<\/div>\n\t\t\t\t\t<\/div>\n\t\t<\/section>\n\t\t\t\t<section class=\"elementor-section elementor-top-section elementor-element elementor-element-aa9002b elementor-section-stretched elementor-section-boxed elementor-section-height-default elementor-section-height-default\" data-id=\"aa9002b\" data-element_type=\"section\" data-settings=\"{&quot;stretch_section&quot;:&quot;section-stretched&quot;,&quot;background_background&quot;:&quot;classic&quot;}\">\n\t\t\t\t\t\t<div class=\"elementor-container elementor-column-gap-default\">\n\t\t\t\t\t<div class=\"elementor-column elementor-col-100 elementor-top-column elementor-element elementor-element-08e265b\" data-id=\"08e265b\" data-element_type=\"column\">\n\t\t\t<div class=\"elementor-widget-wrap elementor-element-populated\">\n\t\t\t\t\t\t<div class=\"elementor-element elementor-element-34574b6 elementor-widget elementor-widget-heading\" data-id=\"34574b6\" data-element_type=\"widget\" data-widget_type=\"heading.default\">\n\t\t\t\t<div class=\"elementor-widget-container\">\n\t\t\t\t\t<h2 class=\"elementor-heading-title elementor-size-default\">Sobre o Instrutor<\/h2>\t\t\t\t<\/div>\n\t\t\t\t<\/div>\n\t\t\t\t<section class=\"elementor-section elementor-inner-section elementor-element elementor-element-a463475 elementor-section-boxed elementor-section-height-default elementor-section-height-default\" data-id=\"a463475\" data-element_type=\"section\">\n\t\t\t\t\t\t<div class=\"elementor-container elementor-column-gap-default\">\n\t\t\t\t\t<div class=\"elementor-column elementor-col-50 elementor-inner-column elementor-element elementor-element-91c1430\" data-id=\"91c1430\" data-element_type=\"column\">\n\t\t\t<div class=\"elementor-widget-wrap elementor-element-populated\">\n\t\t\t\t\t\t<div class=\"elementor-element elementor-element-db68473 elementor-widget elementor-widget-image\" data-id=\"db68473\" data-element_type=\"widget\" data-widget_type=\"image.default\">\n\t\t\t\t<div class=\"elementor-widget-container\">\n\t\t\t\t\t\t\t\t\t\t\t\t\t\t\t<img decoding=\"async\" src=\"https:\/\/www.clube38.com.br\/site_novo\/wp-content\/uploads\/elementor\/thumbs\/jutin-morris-r039vuvl6e0lzgmpdagh9p7hehko73mt0kso83z7hc.png\" title=\"jutin-morris\" alt=\"jutin-morris\" loading=\"lazy\" \/>\t\t\t\t\t\t\t\t\t\t\t\t\t\t\t<\/div>\n\t\t\t\t<\/div>\n\t\t\t\t\t<\/div>\n\t\t<\/div>\n\t\t\t\t<div class=\"elementor-column elementor-col-50 elementor-inner-column elementor-element elementor-element-88c3a86\" data-id=\"88c3a86\" data-element_type=\"column\">\n\t\t\t<div class=\"elementor-widget-wrap elementor-element-populated\">\n\t\t\t\t\t\t<div class=\"elementor-element elementor-element-6f4f3ad elementor-widget elementor-widget-heading\" data-id=\"6f4f3ad\" data-element_type=\"widget\" data-widget_type=\"heading.default\">\n\t\t\t\t<div class=\"elementor-widget-container\">\n\t\t\t\t\t<h2 class=\"elementor-heading-title elementor-size-default\">JUSTIN MORRIS<\/h2>\t\t\t\t<\/div>\n\t\t\t\t<\/div>\n\t\t\t\t<div class=\"elementor-element elementor-element-103f474 elementor-widget elementor-widget-heading\" data-id=\"103f474\" data-element_type=\"widget\" data-widget_type=\"heading.default\">\n\t\t\t\t<div class=\"elementor-widget-container\">\n\t\t\t\t\t<h2 class=\"elementor-heading-title elementor-size-default\">.38 MASTER INSTRUCTOR<\/h2>\t\t\t\t<\/div>\n\t\t\t\t<\/div>\n\t\t\t\t<div class=\"elementor-element elementor-element-fe48a4d elementor-widget elementor-widget-text-editor\" data-id=\"fe48a4d\" data-element_type=\"widget\" data-widget_type=\"text-editor.default\">\n\t\t\t\t<div class=\"elementor-widget-container\">\n\t\t\t\t\t\t\t\t\t<p><span class=\"HwtZe\" lang=\"pt\"><span class=\"jCAhz ChMk0b\"><span class=\"ryNqvb\">Justin Morris traz mais de 20 anos de experi\u00eancia como instrutor de armas de fogo e uma riqueza de conhecimento em opera\u00e7\u00f5es t\u00e1ticas.<\/span><\/span> <span class=\"jCAhz ChMk0b\"><span class=\"ryNqvb\">Durante sua carreira policial, ele atuou como L\u00edder de Equipe da Equipe Especial de Resposta a Emerg\u00eancias (SERT) no Gabinete do Xerife do Condado de Johnson, no Kansas.<\/span><\/span><\/span><\/p><p><span class=\"HwtZe\" lang=\"pt\"><span class=\"jCAhz ChMk0b\"><span class=\"ryNqvb\">Atualmente, Justin se concentra no desenvolvimento de curr\u00edculo e ensino para escolas da SWAT, cursos avan\u00e7ados de armas de fogo e treinamento especializado em equipamentos.<\/span><\/span> <span class=\"jCAhz ChMk0b\"><span class=\"ryNqvb\">Seu trabalho apoia ag\u00eancias e civis nos Estados Unidos, garantindo que recebam instru\u00e7\u00f5es de ponta adaptadas \u00e0s suas necessidades.<\/span><\/span><\/span><\/p><p><span class=\"HwtZe\" lang=\"pt\"><span class=\"jCAhz ChMk0b\"><span class=\"ryNqvb\">Al\u00e9m de suas realiza\u00e7\u00f5es profissionais, Justin \u00e9 um dedicado praticante de Jiu-Jitsu Brasileiro sob Royce Gracie e um competidor entusiasmado em disciplinas pr\u00e1ticas de tiro.<\/span><\/span> <span class=\"jCAhz ChMk0b\"><span class=\"ryNqvb\">Seu comprometimento com a melhoria cont\u00ednua e excel\u00eancia t\u00e9cnica o torna um pilar fundamental do quadro de instrutores do .38 America.<\/span><\/span><\/span><\/p>\t\t\t\t\t\t\t\t<\/div>\n\t\t\t\t<\/div>\n\t\t\t\t\t<\/div>\n\t\t<\/div>\n\t\t\t\t\t<\/div>\n\t\t<\/section>\n\t\t\t\t\t<\/div>\n\t\t<\/div>\n\t\t\t\t\t<\/div>\n\t\t<\/section>\n\t\t\t\t<section class=\"elementor-section elementor-top-section elementor-element elementor-element-ee36520 elementor-section-stretched elementor-section-boxed elementor-section-height-default elementor-section-height-default\" data-id=\"ee36520\" data-element_type=\"section\" data-settings=\"{&quot;stretch_section&quot;:&quot;section-stretched&quot;}\">\n\t\t\t\t\t\t<div class=\"elementor-container elementor-column-gap-default\">\n\t\t\t\t\t<div class=\"elementor-column elementor-col-100 elementor-top-column elementor-element elementor-element-959d194\" data-id=\"959d194\" data-element_type=\"column\">\n\t\t\t<div class=\"elementor-widget-wrap elementor-element-populated\">\n\t\t\t\t\t\t<div class=\"elementor-element elementor-element-ca28ecd elementor-widget elementor-widget-heading\" data-id=\"ca28ecd\" data-element_type=\"widget\" data-widget_type=\"heading.default\">\n\t\t\t\t<div class=\"elementor-widget-container\">\n\t\t\t\t\t<h2 class=\"elementor-heading-title elementor-size-default\">PRECISA DE MAIS INFORMA\u00c7\u00d5ES?<\/h2>\t\t\t\t<\/div>\n\t\t\t\t<\/div>\n\t\t\t\t<div class=\"elementor-element elementor-element-941e3a4 elementor-widget elementor-widget-text-editor\" data-id=\"941e3a4\" data-element_type=\"widget\" data-widget_type=\"text-editor.default\">\n\t\t\t\t<div class=\"elementor-widget-container\">\n\t\t\t\t\t\t\t\t\t<p>Clique no Bot\u00e3o abaixo para falar com nossa central de atendimento. Nossos instrutores tirar\u00e3o todas as suas d\u00favidas e voc\u00ea poder\u00e1 garantir sua vaga.<\/p>\t\t\t\t\t\t\t\t<\/div>\n\t\t\t\t<\/div>\n\t\t\t\t<div class=\"elementor-element elementor-element-22258ce elementor-align-center elementor-mobile-align-justify elementor-widget elementor-widget-button\" data-id=\"22258ce\" data-element_type=\"widget\" data-widget_type=\"button.default\">\n\t\t\t\t<div class=\"elementor-widget-container\">\n\t\t\t\t\t\t\t\t\t<div class=\"elementor-button-wrapper\">\n\t\t\t\t\t<a class=\"elementor-button elementor-button-link elementor-size-sm\" href=\"https:\/\/api.whatsapp.com\/send?phone=554832413820&#038;text=Ol%C3%A1,%20gostaria%20de%20mais%20informa%C3%A7%C3%B5es%20sobre%20os%20cursos%20Hundgun%20Optics%20de%20mar%C3%A7o\">\n\t\t\t\t\t\t<span class=\"elementor-button-content-wrapper\">\n\t\t\t\t\t\t<span class=\"elementor-button-icon\">\n\t\t\t\t<i aria-hidden=\"true\" class=\"fab fa-whatsapp\"><\/i>\t\t\t<\/span>\n\t\t\t\t\t\t\t\t\t<span class=\"elementor-button-text\">FALAR COM ATENDIMENTO DO .38<\/span>\n\t\t\t\t\t<\/span>\n\t\t\t\t\t<\/a>\n\t\t\t\t<\/div>\n\t\t\t\t\t\t\t\t<\/div>\n\t\t\t\t<\/div>\n\t\t\t\t\t<\/div>\n\t\t<\/div>\n\t\t\t\t\t<\/div>\n\t\t<\/section>\n\t\t\t\t<section class=\"elementor-section elementor-top-section elementor-element elementor-element-79eb8fa elementor-section-boxed elementor-section-height-default elementor-section-height-default\" data-id=\"79eb8fa\" data-element_type=\"section\">\n\t\t\t\t\t\t<div class=\"elementor-container elementor-column-gap-default\">\n\t\t\t\t\t<div class=\"elementor-column elementor-col-100 elementor-top-column elementor-element elementor-element-9a1f7ed\" data-id=\"9a1f7ed\" data-element_type=\"column\">\n\t\t\t<div class=\"elementor-widget-wrap\">\n\t\t\t\t\t\t\t<\/div>\n\t\t<\/div>\n\t\t\t\t\t<\/div>\n\t\t<\/section>\n\t\t\t\t<\/div>\n\t\t","protected":false},"excerpt":{"rendered":"<p>Dois novos cursos in\u00e9ditos no Brasil Com o Master Instructor Justin Morris HANDGUN OPTICS INSTRUCTOR de 19 a 22 de mar\u00e7o Nessa imers\u00e3o de 4 dias na Montanha .38, os instrutores de armamento e tiro ser\u00e3o capacitados a extrair todo o potencial das miras \u201cred dot\u201d e aprender\u00e3o como ensinar seus alunos a utiliz\u00e1-las com [&hellip;]<\/p>\n","protected":false},"author":1,"featured_media":0,"parent":0,"menu_order":0,"comment_status":"closed","ping_status":"closed","template":"blank-page.php","meta":{"footnotes":""},"class_list":["post-20807","page","type-page","status-publish","hentry"],"_links":{"self":[{"href":"https:\/\/www.clube38.com.br\/site_novo\/wp-json\/wp\/v2\/pages\/20807","targetHints":{"allow":["GET"]}}],"collection":[{"href":"https:\/\/www.clube38.com.br\/site_novo\/wp-json\/wp\/v2\/pages"}],"about":[{"href":"https:\/\/www.clube38.com.br\/site_novo\/wp-json\/wp\/v2\/types\/page"}],"author":[{"embeddable":true,"href":"https:\/\/www.clube38.com.br\/site_novo\/wp-json\/wp\/v2\/users\/1"}],"replies":[{"embeddable":true,"href":"https:\/\/www.clube38.com.br\/site_novo\/wp-json\/wp\/v2\/comments?post=20807"}],"version-history":[{"count":1,"href":"https:\/\/www.clube38.com.br\/site_novo\/wp-json\/wp\/v2\/pages\/20807\/revisions"}],"predecessor-version":[{"id":20937,"href":"https:\/\/www.clube38.com.br\/site_novo\/wp-json\/wp\/v2\/pages\/20807\/revisions\/20937"}],"wp:attachment":[{"href":"https:\/\/www.clube38.com.br\/site_novo\/wp-json\/wp\/v2\/media?parent=20807"}],"curies":[{"name":"wp","href":"https:\/\/api.w.org\/{rel}","templated":true}]}}