{"id":21887,"date":"2025-10-31T13:49:08","date_gmt":"2025-10-31T16:49:08","guid":{"rendered":"https:\/\/www.clube38.com.br\/site_novo\/?page_id=21887"},"modified":"2025-10-31T13:52:07","modified_gmt":"2025-10-31T16:52:07","slug":"catalogo-de-armas-2022","status":"publish","type":"page","link":"https:\/\/www.clube38.com.br\/site_novo\/catalogo-de-armas-2022\/","title":{"rendered":"Cat\u00e1lago de Armas"},"content":{"rendered":"\t\t<div data-elementor-type=\"wp-page\" data-elementor-id=\"21887\" class=\"elementor elementor-21887\" data-elementor-post-type=\"page\">\n\t\t\t\t<div class=\"elementor-element elementor-element-451476e e-flex e-con-boxed e-con e-parent\" data-id=\"451476e\" data-element_type=\"container\">\n\t\t\t\t\t<div class=\"e-con-inner\">\n\t\t\t\t<div class=\"elementor-element elementor-element-31f5d0c elementor-widget elementor-widget-image\" data-id=\"31f5d0c\" data-element_type=\"widget\" data-widget_type=\"image.default\">\n\t\t\t\t<div class=\"elementor-widget-container\">\n\t\t\t\t\t\t\t\t\t\t\t\t\t\t\t\t<a href=\"http:\/\/clube38.com.br\">\n\t\t\t\t\t\t\t<img fetchpriority=\"high\" decoding=\"async\" width=\"458\" height=\"162\" src=\"https:\/\/www.clube38.com.br\/site_novo\/wp-content\/uploads\/2025\/03\/Figure-\u2192-38america-warning-600x212.png.png\" class=\"attachment-large size-large wp-image-21173\" alt=\"\" srcset=\"https:\/\/www.clube38.com.br\/site_novo\/wp-content\/uploads\/2025\/03\/Figure-\u2192-38america-warning-600x212.png.png 458w, https:\/\/www.clube38.com.br\/site_novo\/wp-content\/uploads\/2025\/03\/Figure-\u2192-38america-warning-600x212.png-300x106.png 300w, https:\/\/www.clube38.com.br\/site_novo\/wp-content\/uploads\/2025\/03\/Figure-\u2192-38america-warning-600x212.png-320x113.png 320w\" sizes=\"(max-width: 458px) 100vw, 458px\" \/>\t\t\t\t\t\t\t\t<\/a>\n\t\t\t\t\t\t\t\t\t\t\t\t\t\t\t<\/div>\n\t\t\t\t<\/div>\n\t\t\t\t\t<\/div>\n\t\t\t\t<\/div>\n\t\t<div class=\"elementor-element elementor-element-4ea7985 e-flex e-con-boxed e-con e-parent\" data-id=\"4ea7985\" data-element_type=\"container\">\n\t\t\t\t\t<div class=\"e-con-inner\">\n\t\t\t\t<div class=\"elementor-element elementor-element-39c5a5c elementor-widget elementor-widget-heading\" data-id=\"39c5a5c\" data-element_type=\"widget\" data-widget_type=\"heading.default\">\n\t\t\t\t<div class=\"elementor-widget-container\">\n\t\t\t\t\t<h2 class=\"elementor-heading-title elementor-size-default\">CAT\u00c1LOGO DE ARMA<\/h2>\t\t\t\t<\/div>\n\t\t\t\t<\/div>\n\t\t\t\t\t<\/div>\n\t\t\t\t<\/div>\n\t\t<div class=\"elementor-element elementor-element-cb85cfa e-flex e-con-boxed e-con e-parent\" data-id=\"cb85cfa\" data-element_type=\"container\">\n\t\t\t\t\t<div class=\"e-con-inner\">\n\t\t<div class=\"elementor-element elementor-element-840e961 e-con-full e-flex e-con e-child\" data-id=\"840e961\" data-element_type=\"container\" data-settings=\"{&quot;background_background&quot;:&quot;classic&quot;}\">\n\t\t\t\t<div class=\"elementor-element elementor-element-ca00347 elementor-widget elementor-widget-image\" data-id=\"ca00347\" data-element_type=\"widget\" data-widget_type=\"image.default\">\n\t\t\t\t<div class=\"elementor-widget-container\">\n\t\t\t\t\t\t\t\t\t\t\t\t\t\t\t<img decoding=\"async\" width=\"800\" height=\"800\" src=\"https:\/\/www.clube38.com.br\/site_novo\/wp-content\/uploads\/2022\/12\/Gen2-M-1024x1024.png\" class=\"attachment-large size-large wp-image-20103\" alt=\"\" srcset=\"https:\/\/www.clube38.com.br\/site_novo\/wp-content\/uploads\/2022\/12\/Gen2-M-1024x1024.png 1024w, https:\/\/www.clube38.com.br\/site_novo\/wp-content\/uploads\/2022\/12\/Gen2-M-300x300.png 300w, https:\/\/www.clube38.com.br\/site_novo\/wp-content\/uploads\/2022\/12\/Gen2-M-150x150.png 150w, https:\/\/www.clube38.com.br\/site_novo\/wp-content\/uploads\/2022\/12\/Gen2-M-768x768.png 768w, https:\/\/www.clube38.com.br\/site_novo\/wp-content\/uploads\/2022\/12\/Gen2-M-320x320.png 320w, https:\/\/www.clube38.com.br\/site_novo\/wp-content\/uploads\/2022\/12\/Gen2-M-480x480.png 480w, https:\/\/www.clube38.com.br\/site_novo\/wp-content\/uploads\/2022\/12\/Gen2-M-800x800.png 800w, https:\/\/www.clube38.com.br\/site_novo\/wp-content\/uploads\/2022\/12\/Gen2-M.png 1080w\" sizes=\"(max-width: 800px) 100vw, 800px\" \/>\t\t\t\t\t\t\t\t\t\t\t\t\t\t\t<\/div>\n\t\t\t\t<\/div>\n\t\t\t\t<div class=\"elementor-element elementor-element-7f94f47 elementor-widget elementor-widget-heading\" data-id=\"7f94f47\" data-element_type=\"widget\" data-widget_type=\"heading.default\">\n\t\t\t\t<div class=\"elementor-widget-container\">\n\t\t\t\t\t<h2 class=\"elementor-heading-title elementor-size-default\">pistola AREX DELTA GEN2 M<\/h2>\t\t\t\t<\/div>\n\t\t\t\t<\/div>\n\t\t<div class=\"elementor-element elementor-element-bc1b620 e-grid e-con-full e-con e-child\" data-id=\"bc1b620\" data-element_type=\"container\">\n\t\t\t\t<div class=\"elementor-element elementor-element-f7f78b5 elementor-widget elementor-widget-text-editor\" data-id=\"f7f78b5\" data-element_type=\"widget\" data-widget_type=\"text-editor.default\">\n\t\t\t\t<div class=\"elementor-widget-container\">\n\t\t\t\t\t\t\t\t\t<p><strong>Calibre: <\/strong><br \/>9mm<\/p>\t\t\t\t\t\t\t\t<\/div>\n\t\t\t\t<\/div>\n\t\t\t\t<div class=\"elementor-element elementor-element-91a2110 elementor-widget elementor-widget-text-editor\" data-id=\"91a2110\" data-element_type=\"widget\" data-widget_type=\"text-editor.default\">\n\t\t\t\t<div class=\"elementor-widget-container\">\n\t\t\t\t\t\t\t\t\t<strong>Capacidade: <\/strong><br>15 + 1\t\t\t\t\t\t\t\t<\/div>\n\t\t\t\t<\/div>\n\t\t\t\t<div class=\"elementor-element elementor-element-266c9d2 elementor-widget elementor-widget-text-editor\" data-id=\"266c9d2\" data-element_type=\"widget\" data-widget_type=\"text-editor.default\">\n\t\t\t\t<div class=\"elementor-widget-container\">\n\t\t\t\t\t\t\t\t\t<p><strong>Comprimento cano: <\/strong>10cm<\/p>\t\t\t\t\t\t\t\t<\/div>\n\t\t\t\t<\/div>\n\t\t\t\t<div class=\"elementor-element elementor-element-40a8323 elementor-widget elementor-widget-text-editor\" data-id=\"40a8323\" data-element_type=\"widget\" data-widget_type=\"text-editor.default\">\n\t\t\t\t<div class=\"elementor-widget-container\">\n\t\t\t\t\t\t\t\t\t<strong>Peso descarregada: <\/strong><br>628g\t\t\t\t\t\t\t\t<\/div>\n\t\t\t\t<\/div>\n\t\t\t\t<div class=\"elementor-element elementor-element-b6df4c1 elementor-widget elementor-widget-text-editor\" data-id=\"b6df4c1\" data-element_type=\"widget\" data-widget_type=\"text-editor.default\">\n\t\t\t\t<div class=\"elementor-widget-container\">\n\t\t\t\t\t\t\t\t\t<p><strong>Material do frame<\/strong><strong>: <\/strong>Pol\u00edmero<\/p>\t\t\t\t\t\t\t\t<\/div>\n\t\t\t\t<\/div>\n\t\t\t\t<div class=\"elementor-element elementor-element-54110a6 elementor-widget elementor-widget-text-editor\" data-id=\"54110a6\" data-element_type=\"widget\" data-widget_type=\"text-editor.default\">\n\t\t\t\t<div class=\"elementor-widget-container\">\n\t\t\t\t\t\t\t\t\t<strong>N\u00famero carregadores<\/strong><strong>: <\/strong><br>2\t\t\t\t\t\t\t\t<\/div>\n\t\t\t\t<\/div>\n\t\t\t\t<\/div>\n\t\t\t\t<div class=\"elementor-element elementor-element-ec8b58f elementor-widget elementor-widget-heading\" data-id=\"ec8b58f\" data-element_type=\"widget\" data-widget_type=\"heading.default\">\n\t\t\t\t<div class=\"elementor-widget-container\">\n\t\t\t\t\t<h2 class=\"elementor-heading-title elementor-size-default\">R$9.390,00<\/h2>\t\t\t\t<\/div>\n\t\t\t\t<\/div>\n\t\t\t\t<div class=\"elementor-element elementor-element-d280a10 elementor-widget elementor-widget-heading\" data-id=\"d280a10\" data-element_type=\"widget\" data-widget_type=\"heading.default\">\n\t\t\t\t<div class=\"elementor-widget-container\">\n\t\t\t\t\t<h2 class=\"elementor-heading-title elementor-size-default\">At\u00e9 12x sem juros no cart\u00e3o<\/h2>\t\t\t\t<\/div>\n\t\t\t\t<\/div>\n\t\t\t\t<div class=\"elementor-element elementor-element-660724e elementor-align-center elementor-widget elementor-widget-button\" data-id=\"660724e\" data-element_type=\"widget\" data-widget_type=\"button.default\">\n\t\t\t\t<div class=\"elementor-widget-container\">\n\t\t\t\t\t\t\t\t\t<div class=\"elementor-button-wrapper\">\n\t\t\t\t\t<a class=\"elementor-button elementor-button-link elementor-size-sm\" href=\"https:\/\/wa.me\/+55554832413820?text=Gostaria%20de%20informa%C3%A7%C3%B5es%20da%20pistola%20Arex%20Delta%20Gen2%20M\">\n\t\t\t\t\t\t<span class=\"elementor-button-content-wrapper\">\n\t\t\t\t\t\t\t\t\t<span class=\"elementor-button-text\">CONFIRA<\/span>\n\t\t\t\t\t<\/span>\n\t\t\t\t\t<\/a>\n\t\t\t\t<\/div>\n\t\t\t\t\t\t\t\t<\/div>\n\t\t\t\t<\/div>\n\t\t\t\t<\/div>\n\t\t<div class=\"elementor-element elementor-element-c817477 e-con-full e-flex e-con e-child\" data-id=\"c817477\" data-element_type=\"container\" data-settings=\"{&quot;background_background&quot;:&quot;classic&quot;}\">\n\t\t\t\t<div class=\"elementor-element elementor-element-559a205 elementor-widget elementor-widget-image\" data-id=\"559a205\" data-element_type=\"widget\" data-widget_type=\"image.default\">\n\t\t\t\t<div class=\"elementor-widget-container\">\n\t\t\t\t\t\t\t\t\t\t\t\t\t\t\t<img decoding=\"async\" width=\"650\" height=\"530\" src=\"https:\/\/www.clube38.com.br\/site_novo\/wp-content\/uploads\/2025\/10\/g25site_c6bea4fc.jpg\" class=\"attachment-large size-large wp-image-21892\" alt=\"\" srcset=\"https:\/\/www.clube38.com.br\/site_novo\/wp-content\/uploads\/2025\/10\/g25site_c6bea4fc.jpg 650w, https:\/\/www.clube38.com.br\/site_novo\/wp-content\/uploads\/2025\/10\/g25site_c6bea4fc-300x245.jpg 300w, https:\/\/www.clube38.com.br\/site_novo\/wp-content\/uploads\/2025\/10\/g25site_c6bea4fc-320x261.jpg 320w, https:\/\/www.clube38.com.br\/site_novo\/wp-content\/uploads\/2025\/10\/g25site_c6bea4fc-480x391.jpg 480w\" sizes=\"(max-width: 650px) 100vw, 650px\" \/>\t\t\t\t\t\t\t\t\t\t\t\t\t\t\t<\/div>\n\t\t\t\t<\/div>\n\t\t\t\t<div class=\"elementor-element elementor-element-5da31d8 elementor-widget elementor-widget-heading\" data-id=\"5da31d8\" data-element_type=\"widget\" data-widget_type=\"heading.default\">\n\t\t\t\t<div class=\"elementor-widget-container\">\n\t\t\t\t\t<h2 class=\"elementor-heading-title elementor-size-default\">pistola Glock G25<\/h2>\t\t\t\t<\/div>\n\t\t\t\t<\/div>\n\t\t<div class=\"elementor-element elementor-element-210dc25 e-grid e-con-full e-con e-child\" data-id=\"210dc25\" data-element_type=\"container\">\n\t\t\t\t<div class=\"elementor-element elementor-element-c7e3b57 elementor-widget elementor-widget-text-editor\" data-id=\"c7e3b57\" data-element_type=\"widget\" data-widget_type=\"text-editor.default\">\n\t\t\t\t<div class=\"elementor-widget-container\">\n\t\t\t\t\t\t\t\t\t<p><strong>Calibre: <\/strong><br \/>.380 acp<\/p>\t\t\t\t\t\t\t\t<\/div>\n\t\t\t\t<\/div>\n\t\t\t\t<div class=\"elementor-element elementor-element-7b44053 elementor-widget elementor-widget-text-editor\" data-id=\"7b44053\" data-element_type=\"widget\" data-widget_type=\"text-editor.default\">\n\t\t\t\t<div class=\"elementor-widget-container\">\n\t\t\t\t\t\t\t\t\t<strong>Capacidade: <\/strong><br>15 + 1\t\t\t\t\t\t\t\t<\/div>\n\t\t\t\t<\/div>\n\t\t\t\t<div class=\"elementor-element elementor-element-23133b3 elementor-widget elementor-widget-text-editor\" data-id=\"23133b3\" data-element_type=\"widget\" data-widget_type=\"text-editor.default\">\n\t\t\t\t<div class=\"elementor-widget-container\">\n\t\t\t\t\t\t\t\t\t<p><strong>Comprimento cano: <\/strong>10,2cm<\/p>\t\t\t\t\t\t\t\t<\/div>\n\t\t\t\t<\/div>\n\t\t\t\t<div class=\"elementor-element elementor-element-257968f elementor-widget elementor-widget-text-editor\" data-id=\"257968f\" data-element_type=\"widget\" data-widget_type=\"text-editor.default\">\n\t\t\t\t<div class=\"elementor-widget-container\">\n\t\t\t\t\t\t\t\t\t<p><strong>Peso descarregada: <\/strong><br \/>529g<\/p>\t\t\t\t\t\t\t\t<\/div>\n\t\t\t\t<\/div>\n\t\t\t\t<div class=\"elementor-element elementor-element-2c57ec5 elementor-widget elementor-widget-text-editor\" data-id=\"2c57ec5\" data-element_type=\"widget\" data-widget_type=\"text-editor.default\">\n\t\t\t\t<div class=\"elementor-widget-container\">\n\t\t\t\t\t\t\t\t\t<p><strong>Material do frame<\/strong><strong>: <\/strong>Pol\u00edmero<\/p>\t\t\t\t\t\t\t\t<\/div>\n\t\t\t\t<\/div>\n\t\t\t\t<div class=\"elementor-element elementor-element-a317b75 elementor-widget elementor-widget-text-editor\" data-id=\"a317b75\" data-element_type=\"widget\" data-widget_type=\"text-editor.default\">\n\t\t\t\t<div class=\"elementor-widget-container\">\n\t\t\t\t\t\t\t\t\t<strong>N\u00famero carregadores<\/strong><strong>: <\/strong><br>2\t\t\t\t\t\t\t\t<\/div>\n\t\t\t\t<\/div>\n\t\t\t\t<\/div>\n\t\t\t\t<div class=\"elementor-element elementor-element-43ad839 elementor-widget elementor-widget-heading\" data-id=\"43ad839\" data-element_type=\"widget\" data-widget_type=\"heading.default\">\n\t\t\t\t<div class=\"elementor-widget-container\">\n\t\t\t\t\t<h2 class=\"elementor-heading-title elementor-size-default\">R$12.780,00<\/h2>\t\t\t\t<\/div>\n\t\t\t\t<\/div>\n\t\t\t\t<div class=\"elementor-element elementor-element-ae953c9 elementor-widget elementor-widget-heading\" data-id=\"ae953c9\" data-element_type=\"widget\" data-widget_type=\"heading.default\">\n\t\t\t\t<div class=\"elementor-widget-container\">\n\t\t\t\t\t<h2 class=\"elementor-heading-title elementor-size-default\">At\u00e9 12x sem juros no cart\u00e3o<\/h2>\t\t\t\t<\/div>\n\t\t\t\t<\/div>\n\t\t\t\t<div class=\"elementor-element elementor-element-33c7a5b elementor-align-center elementor-widget elementor-widget-button\" data-id=\"33c7a5b\" data-element_type=\"widget\" data-widget_type=\"button.default\">\n\t\t\t\t<div class=\"elementor-widget-container\">\n\t\t\t\t\t\t\t\t\t<div class=\"elementor-button-wrapper\">\n\t\t\t\t\t<a class=\"elementor-button elementor-button-link elementor-size-sm\" href=\"https:\/\/wa.me\/+55554832413820?text=Gostaria%20de%20informa%C3%A7%C3%B5es%20da%20pistola%20Glock%20G25\">\n\t\t\t\t\t\t<span class=\"elementor-button-content-wrapper\">\n\t\t\t\t\t\t\t\t\t<span class=\"elementor-button-text\">CONFIRA<\/span>\n\t\t\t\t\t<\/span>\n\t\t\t\t\t<\/a>\n\t\t\t\t<\/div>\n\t\t\t\t\t\t\t\t<\/div>\n\t\t\t\t<\/div>\n\t\t\t\t<\/div>\n\t\t\t\t\t<\/div>\n\t\t\t\t<\/div>\n\t\t<div class=\"elementor-element elementor-element-24b316e e-flex e-con-boxed e-con e-parent\" data-id=\"24b316e\" data-element_type=\"container\">\n\t\t\t\t\t<div class=\"e-con-inner\">\n\t\t<div class=\"elementor-element elementor-element-4e1e241 e-con-full e-flex e-con e-child\" data-id=\"4e1e241\" data-element_type=\"container\" data-settings=\"{&quot;background_background&quot;:&quot;classic&quot;}\">\n\t\t\t\t<div class=\"elementor-element elementor-element-5cbb0c6 elementor-widget elementor-widget-image\" data-id=\"5cbb0c6\" data-element_type=\"widget\" data-widget_type=\"image.default\">\n\t\t\t\t<div class=\"elementor-widget-container\">\n\t\t\t\t\t\t\t\t\t\t\t\t\t\t\t<img loading=\"lazy\" decoding=\"async\" width=\"800\" height=\"752\" src=\"https:\/\/www.clube38.com.br\/site_novo\/wp-content\/uploads\/2023\/12\/Springfield-XD-E-9-1024x962.jpg\" class=\"attachment-large size-large wp-image-20554\" alt=\"\" srcset=\"https:\/\/www.clube38.com.br\/site_novo\/wp-content\/uploads\/2023\/12\/Springfield-XD-E-9-1024x962.jpg 1024w, https:\/\/www.clube38.com.br\/site_novo\/wp-content\/uploads\/2023\/12\/Springfield-XD-E-9-300x282.jpg 300w, https:\/\/www.clube38.com.br\/site_novo\/wp-content\/uploads\/2023\/12\/Springfield-XD-E-9-768x722.jpg 768w, https:\/\/www.clube38.com.br\/site_novo\/wp-content\/uploads\/2023\/12\/Springfield-XD-E-9-1536x1444.jpg 1536w, https:\/\/www.clube38.com.br\/site_novo\/wp-content\/uploads\/2023\/12\/Springfield-XD-E-9-320x301.jpg 320w, https:\/\/www.clube38.com.br\/site_novo\/wp-content\/uploads\/2023\/12\/Springfield-XD-E-9-480x451.jpg 480w, https:\/\/www.clube38.com.br\/site_novo\/wp-content\/uploads\/2023\/12\/Springfield-XD-E-9-800x752.jpg 800w, https:\/\/www.clube38.com.br\/site_novo\/wp-content\/uploads\/2023\/12\/Springfield-XD-E-9.jpg 1596w\" sizes=\"(max-width: 800px) 100vw, 800px\" \/>\t\t\t\t\t\t\t\t\t\t\t\t\t\t\t<\/div>\n\t\t\t\t<\/div>\n\t\t\t\t<div class=\"elementor-element elementor-element-8bbec53 elementor-widget elementor-widget-heading\" data-id=\"8bbec53\" data-element_type=\"widget\" data-widget_type=\"heading.default\">\n\t\t\t\t<div class=\"elementor-widget-container\">\n\t\t\t\t\t<h2 class=\"elementor-heading-title elementor-size-default\">pistola springfield armory xd-e<\/h2>\t\t\t\t<\/div>\n\t\t\t\t<\/div>\n\t\t<div class=\"elementor-element elementor-element-d70baa0 e-grid e-con-full e-con e-child\" data-id=\"d70baa0\" data-element_type=\"container\">\n\t\t\t\t<div class=\"elementor-element elementor-element-87f1cfb elementor-widget elementor-widget-text-editor\" data-id=\"87f1cfb\" data-element_type=\"widget\" data-widget_type=\"text-editor.default\">\n\t\t\t\t<div class=\"elementor-widget-container\">\n\t\t\t\t\t\t\t\t\t<p><strong>Calibre: <\/strong><br \/>9mm Luger<\/p>\t\t\t\t\t\t\t\t<\/div>\n\t\t\t\t<\/div>\n\t\t\t\t<div class=\"elementor-element elementor-element-1db8889 elementor-widget elementor-widget-text-editor\" data-id=\"1db8889\" data-element_type=\"widget\" data-widget_type=\"text-editor.default\">\n\t\t\t\t<div class=\"elementor-widget-container\">\n\t\t\t\t\t\t\t\t\t<p><strong>Capacidade: <\/strong><br \/>8 + 1<\/p>\t\t\t\t\t\t\t\t<\/div>\n\t\t\t\t<\/div>\n\t\t\t\t<div class=\"elementor-element elementor-element-2561937 elementor-widget elementor-widget-text-editor\" data-id=\"2561937\" data-element_type=\"widget\" data-widget_type=\"text-editor.default\">\n\t\t\t\t<div class=\"elementor-widget-container\">\n\t\t\t\t\t\t\t\t\t<p><strong>Comprimento cano: <\/strong>8,38cm<\/p>\t\t\t\t\t\t\t\t<\/div>\n\t\t\t\t<\/div>\n\t\t\t\t<div class=\"elementor-element elementor-element-eee649a elementor-widget elementor-widget-text-editor\" data-id=\"eee649a\" data-element_type=\"widget\" data-widget_type=\"text-editor.default\">\n\t\t\t\t<div class=\"elementor-widget-container\">\n\t\t\t\t\t\t\t\t\t<p><strong>Peso descarregada: <\/strong><br \/>703g<\/p>\t\t\t\t\t\t\t\t<\/div>\n\t\t\t\t<\/div>\n\t\t\t\t<div class=\"elementor-element elementor-element-23322bd elementor-widget elementor-widget-text-editor\" data-id=\"23322bd\" data-element_type=\"widget\" data-widget_type=\"text-editor.default\">\n\t\t\t\t<div class=\"elementor-widget-container\">\n\t\t\t\t\t\t\t\t\t<p><strong>Material do frame<\/strong><strong>: <\/strong>Pol\u00edmero<\/p>\t\t\t\t\t\t\t\t<\/div>\n\t\t\t\t<\/div>\n\t\t\t\t<div class=\"elementor-element elementor-element-af68bcc elementor-widget elementor-widget-text-editor\" data-id=\"af68bcc\" data-element_type=\"widget\" data-widget_type=\"text-editor.default\">\n\t\t\t\t<div class=\"elementor-widget-container\">\n\t\t\t\t\t\t\t\t\t<strong>N\u00famero carregadores<\/strong><strong>: <\/strong><br>2\t\t\t\t\t\t\t\t<\/div>\n\t\t\t\t<\/div>\n\t\t\t\t<\/div>\n\t\t\t\t<div class=\"elementor-element elementor-element-cd82ae8 elementor-widget elementor-widget-heading\" data-id=\"cd82ae8\" data-element_type=\"widget\" data-widget_type=\"heading.default\">\n\t\t\t\t<div class=\"elementor-widget-container\">\n\t\t\t\t\t<h2 class=\"elementor-heading-title elementor-size-default\">R$10.900,00<\/h2>\t\t\t\t<\/div>\n\t\t\t\t<\/div>\n\t\t\t\t<div class=\"elementor-element elementor-element-f840f13 elementor-widget elementor-widget-heading\" data-id=\"f840f13\" data-element_type=\"widget\" data-widget_type=\"heading.default\">\n\t\t\t\t<div class=\"elementor-widget-container\">\n\t\t\t\t\t<h2 class=\"elementor-heading-title elementor-size-default\">At\u00e9 12x sem juros no cart\u00e3o<\/h2>\t\t\t\t<\/div>\n\t\t\t\t<\/div>\n\t\t\t\t<div class=\"elementor-element elementor-element-7af82c9 elementor-align-center elementor-widget elementor-widget-button\" data-id=\"7af82c9\" data-element_type=\"widget\" data-widget_type=\"button.default\">\n\t\t\t\t<div class=\"elementor-widget-container\">\n\t\t\t\t\t\t\t\t\t<div class=\"elementor-button-wrapper\">\n\t\t\t\t\t<a class=\"elementor-button elementor-button-link elementor-size-sm\" href=\"https:\/\/wa.me\/+55554832413820?text=Gostaria%20de%20informa%C3%A7%C3%B5es%20da%20pistola%20springfield%20armory%20xd-e\">\n\t\t\t\t\t\t<span class=\"elementor-button-content-wrapper\">\n\t\t\t\t\t\t\t\t\t<span class=\"elementor-button-text\">CONFIRA<\/span>\n\t\t\t\t\t<\/span>\n\t\t\t\t\t<\/a>\n\t\t\t\t<\/div>\n\t\t\t\t\t\t\t\t<\/div>\n\t\t\t\t<\/div>\n\t\t\t\t<\/div>\n\t\t\t\t\t<\/div>\n\t\t\t\t<\/div>\n\t\t\t\t<\/div>\n\t\t","protected":false},"excerpt":{"rendered":"<p>CAT\u00c1LOGO DE ARMA pistola AREX DELTA GEN2 M Calibre: 9mm Capacidade: 15 + 1 Comprimento cano: 10cm Peso descarregada: 628g Material do frame: Pol\u00edmero N\u00famero carregadores: 2 R$9.390,00 At\u00e9 12x sem juros no cart\u00e3o CONFIRA pistola Glock G25 Calibre: .380 acp Capacidade: 15 + 1 Comprimento cano: 10,2cm Peso descarregada: 529g Material do frame: Pol\u00edmero [&hellip;]<\/p>\n","protected":false},"author":1,"featured_media":0,"parent":0,"menu_order":0,"comment_status":"closed","ping_status":"closed","template":"elementor_canvas","meta":{"footnotes":""},"class_list":["post-21887","page","type-page","status-publish","hentry"],"_links":{"self":[{"href":"https:\/\/www.clube38.com.br\/site_novo\/wp-json\/wp\/v2\/pages\/21887","targetHints":{"allow":["GET"]}}],"collection":[{"href":"https:\/\/www.clube38.com.br\/site_novo\/wp-json\/wp\/v2\/pages"}],"about":[{"href":"https:\/\/www.clube38.com.br\/site_novo\/wp-json\/wp\/v2\/types\/page"}],"author":[{"embeddable":true,"href":"https:\/\/www.clube38.com.br\/site_novo\/wp-json\/wp\/v2\/users\/1"}],"replies":[{"embeddable":true,"href":"https:\/\/www.clube38.com.br\/site_novo\/wp-json\/wp\/v2\/comments?post=21887"}],"version-history":[{"count":1,"href":"https:\/\/www.clube38.com.br\/site_novo\/wp-json\/wp\/v2\/pages\/21887\/revisions"}],"predecessor-version":[{"id":21895,"href":"https:\/\/www.clube38.com.br\/site_novo\/wp-json\/wp\/v2\/pages\/21887\/revisions\/21895"}],"wp:attachment":[{"href":"https:\/\/www.clube38.com.br\/site_novo\/wp-json\/wp\/v2\/media?parent=21887"}],"curies":[{"name":"wp","href":"https:\/\/api.w.org\/{rel}","templated":true}]}}